{"id":203,"date":"2025-11-03T09:37:08","date_gmt":"2025-11-03T09:37:08","guid":{"rendered":"https:\/\/bafangit.com\/?post_type=product&#038;p=203"},"modified":"2025-11-27T08:40:07","modified_gmt":"2025-11-27T08:40:07","slug":"nampan-kafetaria","status":"publish","type":"product","link":"https:\/\/bafangit.com\/id\/product\/cafeteria-tray\/","title":{"rendered":"Nampan Kafetaria"},"content":{"rendered":"<div class=\"inter-H_fm37\">\n<div class=\"container-PvPoAn\">\n<div class=\"item-kDun2N\">\n<div class=\"container-SrVXPg chrome70-container\">\n<div class=\"inner-Qo5lJS inner-item-w21SQO\" data-target-id=\"message-box-target-id\" data-testid=\"union_message\">\n<div class=\"message-block-container-PggqdK\" data-testid=\"message-block-container\" data-ui-version=\"samantha\">\n<div class=\"flex flex-row w-full w-full max-w-full s-font-base text-s-color-text-secondary p-0 rounded-s-radius-s bg-transparent group data-[attr=select-mode]:-mt-10 data-[attr=select-mode]:py-10 data-[attr=select-mode]:px-16 data-[attr=select-mode]:sm:p-10 data-[attr=select-mode]:hover:bg-s-color-bg-base data-[attr=select-mode]:hover:rounded-s-radius-xs data-[attr=select-mode]:has-[:checked]:bg-s-color-bg-trans data-[attr=select-mode]:has-[:checked]:rounded-s-radius-xs data-[attr=select-mode]:pointer-events-none\" data-testid=\"receive_message\">\n<div class=\"flex flex-col flex-grow max-w-full min-w-0\">\n<div class=\"flex-row flex w-full\" data-testid=\"message_content\" data-message-id=\"27468378853673218\" data-set-copy-handler=\"true\">\n<div class=\"flex w-full flex-col gap-20\" data-render-engine=\"block\">\n<div class=\"container-P2rR72 flow-markdown-body mdbox-theme-next theme-samantha-uDexJL\" dir=\"ltr\" data-testid=\"message_text_content\" data-show-indicator=\"false\">\n<h3 class=\"header-iWP5WJ auto-hide-last-sibling-br\">Core Selling Points of Zibo Bafang Cafeteria Tray<\/h3>\n<p>This stainless steel food tray is made from premium 304 food-grade stainless steel, ensuring excellent safety, durability, and corrosion resistance. Designed for commercial food service, it is ideal for restaurants, schools, canteens, hospitals, and catering businesses. The smooth surface is easy to clean and suitable for daily meal service and large-volume use. 304 Food-Grade Stainless Steel: Safe for direct food contact, rust-resistant, and heat-resistant.<\/p>\n<p>Durable Construction: Strong, impact-resistant, and designed for long-term, high-frequency use.<\/p>\n<p>Easy to Clean: Features a smooth, brushed or polished finish; dishwasher-safe and compatible with high-temperature disinfection.<\/p>\n<p>Multiple Styles Available: Round, square, partitioned, and multi-compartment designs to fit various meal service needs.<\/p>\n<p>Eco-Friendly &amp; Recyclable: Made from recyclable stainless steel for sustainable food service operations.<\/p>\n<p>Material: 304 food-grade stainless steel<\/p>\n<p>Thickness: 0.6 \/ 0.8 \/ 1.0 mm (customizable)<\/p>\n<p>Sizes: \u00d8180 mm, \u00d8200 mm, \u00d8230 mm, or custom sizes<\/p>\n<p>Finish: Brushed or mirror-polished<\/p>\n<p>Packaging: Bulk or individual packaging options available<\/p>\n<h3>Cafeteria trays Curled Edge Design<\/h3>\n<\/div>\n<\/div>\n<\/div>\n<div class=\"flex-row flex max-w-full min-w-0 flex-grow\">\n<div class=\"flex flex-col justify-end h-40 w-full select-none opacity-100\" data-testid=\"message_action_bar\">\n<div class=\"message-action-bar-raqbg0 flex flex-row w-full group\">\n<ul class=\"auto-hide-last-sibling-br\">\n<li>\n<div class=\"container-utlnW2 md-box-line-break wrapper-d0Cc1k undefined\">Considerate Curled Edge Design, Prevent Scratches For More Reassuring Use<\/div>\n<\/li>\n<li>Widely Used\n<div class=\"container-utlnW2 md-box-line-break wrapper-d0Cc1k undefined\">Ideal Choice<\/div>\n<div class=\"container-utlnW2 md-box-line-break wrapper-d0Cc1k undefined\">Perforated Steaming Tray: Steam Steamed Buns, Stuffed Buns, Pastries, Flour Foods, Fruits, Vegetables&#8230;<\/div>\n<\/li>\n<li>Round Rolled Edges\n<div class=\"container-utlnW2 md-box-line-break wrapper-d0Cc1k undefined\">Comfortable To The Touch, Prevent Finger Cuts And Burns During Use<\/div>\n<\/li>\n<li>Easy To Clean\n<div class=\"container-utlnW2 md-box-line-break wrapper-d0Cc1k undefined\">Electrolytic Mirror Polishing, Easy To Clean<\/div>\n<\/li>\n<li>A Wide Range Of Uses\n<div class=\"container-utlnW2 md-box-line-break wrapper-d0Cc1k undefined\">Widely Used In Hotels, Restaurants, Catering, Snacks, Staff Canteens, Etc&#8230;<\/div>\n<\/li>\n<li>Details\n<div class=\"container-utlnW2 md-box-line-break wrapper-d0Cc1k undefined\">New Products<\/div>\n<div class=\"container-utlnW2 md-box-line-break wrapper-d0Cc1k undefined\">Quality Details, Experience Upgraded Again<\/div>\n<\/li>\n<\/ul>\n<\/div>\n<\/div>\n<\/div>\n<div class=\"suggest-message-list-wrapper-QLdGFg\" data-testid=\"suggest_message_list\">\n<div class=\"suggest-list-item suggest-message-oSXMsU\" data-testid=\"suggest_message_item\"><\/div>\n<\/div>\n<\/div>\n<\/div>\n<\/div>\n<\/div>\n<\/div>\n<\/div>\n<\/div>\n<\/div>\n<div class=\"top-FLPRDF\">\n<div class=\"container-SrVXPg chrome70-container\"><img fetchpriority=\"high\" decoding=\"async\" class=\"alignnone size-full wp-image-709\" src=\"https:\/\/bafangit.com\/wp-content\/uploads\/2025\/11\/001-3.jpg\" alt=\"\" width=\"1350\" height=\"1233\" srcset=\"https:\/\/bafangit.com\/wp-content\/uploads\/2025\/11\/001-3.jpg 1350w, https:\/\/bafangit.com\/wp-content\/uploads\/2025\/11\/001-3-300x274.jpg 300w, https:\/\/bafangit.com\/wp-content\/uploads\/2025\/11\/001-3-1024x935.jpg 1024w, https:\/\/bafangit.com\/wp-content\/uploads\/2025\/11\/001-3-768x701.jpg 768w, https:\/\/bafangit.com\/wp-content\/uploads\/2025\/11\/001-3-600x548.jpg 600w\" sizes=\"(max-width: 1350px) 100vw, 1350px\" \/><img decoding=\"async\" class=\"alignnone size-full wp-image-710\" src=\"https:\/\/bafangit.com\/wp-content\/uploads\/2025\/11\/002-3.jpg\" alt=\"\" width=\"1350\" height=\"1328\" srcset=\"https:\/\/bafangit.com\/wp-content\/uploads\/2025\/11\/002-3.jpg 1350w, https:\/\/bafangit.com\/wp-content\/uploads\/2025\/11\/002-3-300x295.jpg 300w, https:\/\/bafangit.com\/wp-content\/uploads\/2025\/11\/002-3-1024x1007.jpg 1024w, https:\/\/bafangit.com\/wp-content\/uploads\/2025\/11\/002-3-768x755.jpg 768w, https:\/\/bafangit.com\/wp-content\/uploads\/2025\/11\/002-3-600x590.jpg 600w\" sizes=\"(max-width: 1350px) 100vw, 1350px\" \/><img decoding=\"async\" class=\"alignnone size-full wp-image-711\" src=\"https:\/\/bafangit.com\/wp-content\/uploads\/2025\/11\/003-4.jpg\" alt=\"\" width=\"1350\" height=\"1197\" srcset=\"https:\/\/bafangit.com\/wp-content\/uploads\/2025\/11\/003-4.jpg 1350w, https:\/\/bafangit.com\/wp-content\/uploads\/2025\/11\/003-4-300x266.jpg 300w, https:\/\/bafangit.com\/wp-content\/uploads\/2025\/11\/003-4-1024x908.jpg 1024w, https:\/\/bafangit.com\/wp-content\/uploads\/2025\/11\/003-4-768x681.jpg 768w, https:\/\/bafangit.com\/wp-content\/uploads\/2025\/11\/003-4-600x532.jpg 600w\" sizes=\"(max-width: 1350px) 100vw, 1350px\" \/><img loading=\"lazy\" decoding=\"async\" class=\"alignnone size-full wp-image-712\" src=\"https:\/\/bafangit.com\/wp-content\/uploads\/2025\/11\/004-3.jpg\" alt=\"\" width=\"1350\" height=\"1197\" srcset=\"https:\/\/bafangit.com\/wp-content\/uploads\/2025\/11\/004-3.jpg 1350w, https:\/\/bafangit.com\/wp-content\/uploads\/2025\/11\/004-3-300x266.jpg 300w, https:\/\/bafangit.com\/wp-content\/uploads\/2025\/11\/004-3-1024x908.jpg 1024w, https:\/\/bafangit.com\/wp-content\/uploads\/2025\/11\/004-3-768x681.jpg 768w, https:\/\/bafangit.com\/wp-content\/uploads\/2025\/11\/004-3-600x532.jpg 600w\" sizes=\"(max-width: 1350px) 100vw, 1350px\" \/><img loading=\"lazy\" decoding=\"async\" class=\"alignnone size-full wp-image-713\" src=\"https:\/\/bafangit.com\/wp-content\/uploads\/2025\/11\/005-2.jpg\" alt=\"\" width=\"1350\" height=\"904\" srcset=\"https:\/\/bafangit.com\/wp-content\/uploads\/2025\/11\/005-2.jpg 1350w, https:\/\/bafangit.com\/wp-content\/uploads\/2025\/11\/005-2-300x201.jpg 300w, https:\/\/bafangit.com\/wp-content\/uploads\/2025\/11\/005-2-1024x686.jpg 1024w, https:\/\/bafangit.com\/wp-content\/uploads\/2025\/11\/005-2-768x514.jpg 768w, https:\/\/bafangit.com\/wp-content\/uploads\/2025\/11\/005-2-600x402.jpg 600w\" sizes=\"(max-width: 1350px) 100vw, 1350px\" \/><img loading=\"lazy\" decoding=\"async\" class=\"alignnone size-full wp-image-708\" src=\"https:\/\/bafangit.com\/wp-content\/uploads\/2025\/11\/006.jpg\" alt=\"\" width=\"1350\" height=\"904\" srcset=\"https:\/\/bafangit.com\/wp-content\/uploads\/2025\/11\/006.jpg 1350w, https:\/\/bafangit.com\/wp-content\/uploads\/2025\/11\/006-300x201.jpg 300w, https:\/\/bafangit.com\/wp-content\/uploads\/2025\/11\/006-1024x686.jpg 1024w, https:\/\/bafangit.com\/wp-content\/uploads\/2025\/11\/006-768x514.jpg 768w, https:\/\/bafangit.com\/wp-content\/uploads\/2025\/11\/006-600x402.jpg 600w\" sizes=\"(max-width: 1350px) 100vw, 1350px\" \/><\/div>\n<\/div>\n","protected":false},"excerpt":{"rendered":"<h3 class=\"header-iWP5WJ auto-hide-last-sibling-br\">Fitur Utama<\/h3>\n<ul class=\"auto-hide-last-sibling-br\">\n<li><strong>Bahan yang Aman untuk Makanan<\/strong>: Baja tahan karat kelas makanan 304 memastikan keamanan kontak langsung dengan makanan, ketahanan terhadap karat, dan ketahanan terhadap panas.<\/li>\n<li><strong>Konstruksi Tahan Lama<\/strong>: Kuat dan tahan benturan, dirancang untuk penggunaan komersial jangka panjang dan frekuensi tinggi.<\/li>\n<li><strong>Mudah Dibersihkan<\/strong>Permukaan disikat atau dipoles; aman untuk mesin pencuci piring dan kompatibel dengan disinfeksi suhu tinggi.<\/li>\n<li><strong>Berbagai Pilihan Gaya<\/strong>: Desain bulat, persegi, bersekat, dan multi-kompartemen untuk memenuhi beragam kebutuhan layanan makanan.<\/li>\n<li><strong>Ramah Lingkungan &amp; Dapat Didaur Ulang<\/strong>Terbuat dari baja tahan karat yang dapat didaur ulang, mendukung operasional layanan makanan yang berkelanjutan.<\/li>\n<\/ul>","protected":false},"featured_media":189,"comment_status":"open","ping_status":"closed","template":"","meta":[],"product_brand":[],"product_cat":[21],"product_tag":[],"class_list":{"0":"post-203","1":"product","2":"type-product","3":"status-publish","4":"has-post-thumbnail","6":"product_cat-restaurant-supplies","8":"first","9":"instock","10":"shipping-taxable","11":"product-type-simple"},"_links":{"self":[{"href":"https:\/\/bafangit.com\/id\/wp-json\/wp\/v2\/product\/203","targetHints":{"allow":["GET"]}}],"collection":[{"href":"https:\/\/bafangit.com\/id\/wp-json\/wp\/v2\/product"}],"about":[{"href":"https:\/\/bafangit.com\/id\/wp-json\/wp\/v2\/types\/product"}],"replies":[{"embeddable":true,"href":"https:\/\/bafangit.com\/id\/wp-json\/wp\/v2\/comments?post=203"}],"wp:featuredmedia":[{"embeddable":true,"href":"https:\/\/bafangit.com\/id\/wp-json\/wp\/v2\/media\/189"}],"wp:attachment":[{"href":"https:\/\/bafangit.com\/id\/wp-json\/wp\/v2\/media?parent=203"}],"wp:term":[{"taxonomy":"product_brand","embeddable":true,"href":"https:\/\/bafangit.com\/id\/wp-json\/wp\/v2\/product_brand?post=203"},{"taxonomy":"product_cat","embeddable":true,"href":"https:\/\/bafangit.com\/id\/wp-json\/wp\/v2\/product_cat?post=203"},{"taxonomy":"product_tag","embeddable":true,"href":"https:\/\/bafangit.com\/id\/wp-json\/wp\/v2\/product_tag?post=203"}],"curies":[{"name":"wp","href":"https:\/\/api.w.org\/{rel}","templated":true}]}}